{"id":2,"date":"2021-05-30T14:08:16","date_gmt":"2021-05-30T13:08:16","guid":{"rendered":"https:\/\/safewheels.wordifysites.com\/?page_id=2"},"modified":"2025-10-11T18:59:03","modified_gmt":"2025-10-11T18:59:03","slug":"home","status":"publish","type":"page","link":"https:\/\/taxivert.pro\/en\/","title":{"rendered":"Accueil"},"content":{"rendered":"<section class=\"gb-element-2e133fa7\">\n<div class=\"gb-element-6ebba9ee\">\n<div class=\"gb-element-988ceeb4\">\n<h1 class=\"gb-text-7c12bd8d\"><span class=\"gb-shape\"><svg xmlns=\"http:\/\/www.w3.org\/2000\/svg\" viewbox=\"0 0 24 24\" height=\"24px\" width=\"24px\"><title>Dynamics 365 icon<\/title><path d=\"M4.59 7.41l4.94 3.54L4.59 24zm0-7.41v6.36l9.53 5.29 4.59-3.52zm0 24l14.82-8.47v-6.7Z\"><\/path><\/svg><\/span><span class=\"gb-text\">Taxi Vert \u2013 Votre chauffeur priv\u00e9 au Maroc<\/span><\/h1>\n\n\n\n<h1 class=\"gb-text gb-text-c4fa2e48\">Navettes et transferts a\u00e9roport-h\u00f4tel dans tout le Maroc<\/h1>\n\n\n\n<p class=\"gb-text gb-text-e148efa1\">Bienvenue sur Taxi Vert, votre partenaire de confiance pour tous vos transferts priv\u00e9s entre les a\u00e9roports, h\u00f4tels et villes du Maroc. Que vous arriviez pour un s\u00e9jour touristique, un voyage d\u2019affaires ou un d\u00e9placement familial, notre \u00e9quipe vous assure un service professionnel, ponctuel et confortable, disponible 24h\/7.<\/p>\n\n\n\n<a class=\"gb-text gb-text-f055064c\" target=\"_blank\" rel=\"noopener\" href=\"https:\/\/taxivert.pro\/en\/reservation-navette-aeroport-maroc\/\">r\u00e9servez maintenant <\/a>\n<\/div>\n\n\n\n<div class=\"gb-element-9b745209\">\n<div class=\"gb-element-0cfc46ea\">\n<img loading=\"lazy\" decoding=\"async\" width=\"2400\" height=\"1430\" class=\"gb-media-ba5b2db7\" src=\"https:\/\/taxivert.pro\/wp-content\/uploads\/2025\/10\/TAXI.webp\" alt=\"\" title=\"TAXI\" srcset=\"https:\/\/taxivert.pro\/wp-content\/uploads\/2025\/10\/TAXI.webp 2400w, https:\/\/taxivert.pro\/wp-content\/uploads\/2025\/10\/TAXI-300x179.webp 300w, https:\/\/taxivert.pro\/wp-content\/uploads\/2025\/10\/TAXI-1024x610.webp 1024w, https:\/\/taxivert.pro\/wp-content\/uploads\/2025\/10\/TAXI-768x458.webp 768w, https:\/\/taxivert.pro\/wp-content\/uploads\/2025\/10\/TAXI-1536x915.webp 1536w, https:\/\/taxivert.pro\/wp-content\/uploads\/2025\/10\/TAXI-2048x1220.webp 2048w\" sizes=\"auto, (max-width: 2400px) 100vw, 2400px\" \/>\n\n\n\n<div class=\"gb-element-3831c62f\">\n<div class=\"gb-text-752fda2a\"><span class=\"gb-shape\"><svg aria-hidden=\"true\" role=\"img\" height=\"1em\" width=\"1em\" viewbox=\"0 0 448 512\" xmlns=\"http:\/\/www.w3.org\/2000\/svg\"><path fill=\"currentColor\" d=\"M380.9 97.1C339 55.1 283.2 32 223.9 32c-122.4 0-222 99.6-222 222 0 39.1 10.2 77.3 29.6 111L0 480l117.7-30.9c32.4 17.7 68.9 27 106.1 27h.1c122.3 0 224.1-99.6 224.1-222 0-59.3-25.2-115-67.1-157zm-157 341.6c-33.2 0-65.7-8.9-94-25.7l-6.7-4-69.8 18.3L72 359.2l-4.4-7c-18.5-29.4-28.2-63.3-28.2-98.2 0-101.7 82.8-184.5 184.6-184.5 49.3 0 95.6 19.2 130.4 54.1 34.8 34.9 56.2 81.2 56.1 130.5 0 101.8-84.9 184.6-186.6 184.6zm101.2-138.2c-5.5-2.8-32.8-16.2-37.9-18-5.1-1.9-8.8-2.8-12.5 2.8-3.7 5.6-14.3 18-17.6 21.8-3.2 3.7-6.5 4.2-12 1.4-32.6-16.3-54-29.1-75.5-66-5.7-9.8 5.7-9.1 16.3-30.3 1.8-3.7.9-6.9-.5-9.7-1.4-2.8-12.5-30.1-17.1-41.2-4.5-10.8-9.1-9.3-12.5-9.5-3.2-.2-6.9-.2-10.6-.2-3.7 0-9.7 1.4-14.8 6.9-5.1 5.6-19.4 19-19.4 46.3 0 27.3 19.9 53.7 22.6 57.4 2.8 3.7 39.1 59.7 94.8 83.8 35.2 15.2 49 16.5 66.6 13.9 10.7-1.6 32.8-13.4 37.4-26.4 4.6-13 4.6-24.1 3.2-26.4-1.3-2.5-5-3.9-10.5-6.6z\"><\/path><\/svg><\/span><\/div>\n\n\n\n<div>\n<p class=\"gb-text gb-text-7daa10ee\">besoin d&rsquo;aide ?<\/p>\n\n\n\n<p class=\"gb-text gb-text-e8b92791\"><a href=\"https:\/\/wa.me\/33758228532\" data-type=\"link\" data-id=\"https:\/\/wa.me\/33758228532\" target=\"_blank\" rel=\"noopener\">\u202a+33758228532\u202c<\/a><\/p>\n<\/div>\n<\/div>\n<\/div>\n<\/div>\n<\/div>\n<\/section>\n\n\n\n<section class=\"gb-element-43ce0f73\">\n<div class=\"gb-element-111ff009\">\n<div>\n<div class=\"gb-text-e6efbbb3\"><span class=\"gb-shape\"><svg viewbox=\"0 0 612.051 612.051\" xmlns=\"http:\/\/www.w3.org\/2000\/svg\"><path d=\"m601.406 425.926-102.4 87.199v31.301c0 6.699-5.7 11.3-12.4 11.3h-68.3c-6.7 0-12.399-4.8-12.399-11.3v-70.2c0-3.7 1.899-7.601 4.8-9.5l125.1-77.7 12.4-165c0-14.3 11.3-25.6 25.6-25.6s25.601 11.3 25.601 24.6l12.399 178.3c.999 14.4-.801 18.999-10.401 26.6zm-491.2-61.5V241.125c0-12.4 1.9-20.9 7.6-33.2l60.7-126.1c6.7-14.3 25.6-26.5 41.7-26.5h171.7c17 0 36.1 11.3 42.6 26.5l60.7 126.1c5.7 12.4 7.6 21.8 7.6 33.2V364.525c0 4.8-4.8 9.5-9.5 9.5h-48.3c-5.7 0-9.5-4.8-9.5-9.5v-30.5h-258V364.426c0 4.8-4.8 9.5-9.5 9.5h-48.3c-4.7 0-9.5-4.801-9.5-9.5zm329.1-128.101c-17 0-30.399 14.3-30.399 30.4 0 16.1 13.3 30.4 30.399 30.4 17 0 30.4-13.3 30.4-30.4 0-17.1-13.4-30.4-30.4-30.4zm-274.1-32.2h282.6l-41.7-87.2c-8.5-17-16.1-20.9-33.199-20.9H239.306c-17 0-24.6 3.7-32.2 20.9l-41.9 87.2zm-21.8 62.5c0 16.1 13.3 30.4 30.4 30.4 17.1 0 30.4-13.3 30.4-30.4s-13.3-30.4-30.4-30.4c-17.1.001-30.4 14.3-30.4 30.4zm58.8 199.101-125.1-77.7-12.4-165c.9-15.2-11.3-26.5-25.6-26.5s-26.5 11.3-26.5 25.5l-12.4 178.4c-.9 14.3.9 18.899 10.4 26.5l102.4 87.199v31.301c0 6.699 5.7 11.3 12.4 11.3h69.3c6.7 0 12.4-4.8 12.4-11.3v-70.2c-.2-3.701-2.1-7.401-4.9-9.5z\"><\/path><\/svg><\/span><\/div>\n<\/div>\n\n\n\n<div class=\"gb-element-6f258f63\">\n<h2 class=\"gb-text gb-text-155cf3fc\">Une flotte vari\u00e9e et moderne<\/h2>\n\n\n\n<p class=\"gb-text gb-text-9aed937e\">Nous mettons \u00e0 votre disposition plusieurs types de v\u00e9hicules selon vos besoins :<br><strong>taxis berlines<\/strong>, <strong>vans spacieux<\/strong> pour les groupes ou familles, et <strong>Berlingo confortables<\/strong> pour vos trajets \u00e9conomiques et pratiques.<\/p>\n\n\n\n<div class=\"gb-element-f33d45f6\">\n<span class=\"gb-text-556fa71a\"><span class=\"gb-shape\"><svg viewbox=\"0 0 460.384 460.384\" xmlns=\"http:\/\/www.w3.org\/2000\/svg\"><path d=\"M95.252 283.11c-13.807 0-25.039 11.232-25.039 25.039s11.232 25.039 25.039 25.039 25.039-11.233 25.039-25.039-11.232-25.039-25.039-25.039zm0 35.078c-5.536 0-10.039-4.504-10.039-10.039s4.503-10.039 10.039-10.039 10.039 4.503 10.039 10.039-4.503 10.039-10.039 10.039zM357.012 283.11c-13.807 0-25.04 11.232-25.04 25.039s11.233 25.039 25.04 25.039c13.806 0 25.038-11.233 25.038-25.039s-11.232-25.039-25.038-25.039zm0 35.078c-5.536 0-10.04-4.504-10.04-10.039s4.504-10.039 10.04-10.039c5.535 0 10.038 4.503 10.038 10.039s-4.503 10.039-10.038 10.039z\"><\/path><path d=\"m409.227 196.421-66.917-7.645-35.714-58.056c-10.905-17.728-30.61-28.741-51.424-28.741H133.676c-34.925 0-65.792 23.518-75.063 57.193l-.948 3.445c-4.607 16.733-17.845 30.052-34.549 34.762C9.506 201.217 0 213.773 0 227.914v83.012a7.5 7.5 0 0 0 7.5 7.5h38.557c4.757 22.798 25.006 39.978 49.195 39.978s44.438-17.18 49.195-39.978h163.37c4.757 22.798 25.006 39.978 49.195 39.978s44.438-17.18 49.195-39.978h40.477a7.5 7.5 0 0 0 7.452-6.65l5.874-51.483c3.604-31.603-19.176-60.256-50.783-63.872zM15 294.313h31.949a49.96 49.96 0 0 0-1.724 9.113H15v-9.113zm80.252 49.091c-19.44 0-35.255-15.815-35.255-35.255s15.815-35.256 35.255-35.256 35.255 15.816 35.255 35.256-15.815 35.255-35.255 35.255zm261.76 0c-19.44 0-35.255-15.815-35.255-35.255s15.815-35.256 35.255-35.256 35.255 15.816 35.255 35.256-15.815 35.255-35.255 35.255zm0-85.511c-16.987 0-32.021 8.48-41.122 21.42H182.425a7.5 7.5 0 0 0 0 15h126.284a49.96 49.96 0 0 0-1.724 9.113H145.279c-2.389-25.504-23.909-45.533-50.027-45.533-16.987 0-32.021 8.48-41.122 21.42H15v-51.399c0-7.455 5.012-14.075 12.187-16.098 21.728-6.126 38.947-23.452 44.94-45.218l.948-3.445c7.484-27.186 32.405-46.174 60.601-46.174h121.496c15.643 0 30.452 8.277 38.647 21.6l37.626 61.164a7.503 7.503 0 0 0 5.537 3.522l70.541 8.059c16.002 1.831 28.943 12.335 34.67 26.276H418.78a7.5 7.5 0 0 0 0 15h26.578a42.894 42.894 0 0 1-.253 5.993l-2.364 20.72h-44.608c-9.1-12.94-24.135-21.42-41.121-21.42zm50.026 45.533a49.876 49.876 0 0 0-1.724-9.113h35.716l-1.04 9.113h-32.952z\"><\/path><path d=\"M255.565 215.222h-15.76a7.5 7.5 0 0 0 0 15h15.76a7.5 7.5 0 0 0 0-15zM154.846 222.722a7.5 7.5 0 0 0-7.5-7.5h-15.76a7.5 7.5 0 0 0 0 15h15.76a7.5 7.5 0 0 0 7.5-7.5zM164.136 283.941c-1.314-3.113-4.658-5.069-8.025-4.546a7.58 7.58 0 0 0-6.213 5.776c-1.496 6.51 6.051 11.564 11.54 7.829 2.905-1.976 4.038-5.814 2.698-9.059-.19-.45.19.46 0 0zM286.014 143.391c-6.531-10.637-18.348-17.245-30.841-17.245h-121.5c-24.087 0-45.371 16.217-51.761 39.443l-.943 3.438c-2.468 8.956-6.268 24.34-6.429 24.991a7.501 7.501 0 0 0 7.281 9.298h227.64a7.499 7.499 0 0 0 6.388-11.43l-29.835-48.495zm-86.662-2.246v47.169h-69.054v-47.018a38.526 38.526 0 0 1 3.375-.151h65.679zm-103.92 31.857.944-3.441c2.86-10.395 9.865-18.839 18.922-23.747v42.499H91.432c1.265-4.992 2.81-10.99 4-15.311zm118.92 15.312v-47.169h40.821c7.316 0 14.235 3.868 18.062 10.1l22.807 37.069h-81.69z\"><\/path><\/svg><\/span><span class=\"gb-text\"><strong>Taxis berlines<\/strong><\/span><\/span>\n\n\n\n<span class=\"gb-text-2a08a6ae\"><span class=\"gb-shape\"><svg viewbox=\"0 0 239 239\" xmlns=\"http:\/\/www.w3.org\/2000\/svg\"><path d=\"m235.91 117.885-26.319-19.132-36.961-45.007a7.5 7.5 0 0 0-5.796-2.74H7.5a7.5 7.5 0 0 0-7.5 7.5v106.779a7.5 7.5 0 0 0 7.5 7.5h19.736c3.105 8.846 11.536 15.209 21.43 15.209s18.325-6.363 21.43-15.209h96.141c3.105 8.846 11.536 15.209 21.43 15.209s18.325-6.363 21.43-15.209H231.5a7.5 7.5 0 0 0 7.5-7.5v-41.334a7.5 7.5 0 0 0-3.09-6.066zM48.666 172.994c-4.251 0-7.709-3.458-7.709-7.709s3.458-7.709 7.709-7.709 7.709 3.458 7.709 7.709-3.458 7.709-7.709 7.709zm139.001 0c-4.251 0-7.709-3.458-7.709-7.709s3.458-7.709 7.709-7.709c4.25 0 7.708 3.458 7.708 7.709s-3.457 7.709-7.708 7.709zM224 157.785h-14.896c-3.104-8.848-11.541-15.209-21.436-15.209s-18.332 6.361-21.437 15.209H70.103c-3.104-8.848-11.542-15.209-21.437-15.209s-18.332 6.361-21.437 15.209H15V66.006h148.288l35.321 43.009c.405.493.87.932 1.386 1.307L224 127.771v30.014z\"><\/path><path d=\"M162.469 75.551a7.501 7.501 0 0 0-13.296 4.76v25.766a7.5 7.5 0 0 0 7.5 7.5h21.18a7.5 7.5 0 0 0 5.479-12.622l-20.863-25.404z\"><\/path><\/svg><\/span><span class=\"gb-text\"> <strong>Vans spacieux<\/strong><\/span><\/span>\n<\/div>\n<\/div>\n<\/div>\n<\/section>\n\n\n\n<section class=\"gb-element-02d7f0ae\">\n<div class=\"gb-element-8875a48f\">\n<div class=\"gb-element-327e260a\">\n<img loading=\"lazy\" decoding=\"async\" width=\"1024\" height=\"683\" class=\"gb-media-9ea96152\" src=\"https:\/\/sites.generatepress.com\/safewheels\/wp-content\/uploads\/sites\/128\/2022\/06\/why-kei-8e2gal_GIE8-unsplash-1-1024x683.jpg\" title=\"why-kei-8e2gal_GIE8-unsplash\" srcset=\"https:\/\/taxivert.pro\/wp-content\/uploads\/2022\/06\/why-kei-8e2gal_GIE8-unsplash-1-1024x683.jpg 1024w, https:\/\/taxivert.pro\/wp-content\/uploads\/2022\/06\/why-kei-8e2gal_GIE8-unsplash-1-300x200.jpg 300w, https:\/\/taxivert.pro\/wp-content\/uploads\/2022\/06\/why-kei-8e2gal_GIE8-unsplash-1-768x512.jpg 768w, https:\/\/taxivert.pro\/wp-content\/uploads\/2022\/06\/why-kei-8e2gal_GIE8-unsplash-1-1536x1024.jpg 1536w, https:\/\/taxivert.pro\/wp-content\/uploads\/2022\/06\/why-kei-8e2gal_GIE8-unsplash-1.jpg 1920w\" sizes=\"auto, (max-width: 1024px) 100vw, 1024px\" \/>\n\n\n\n<div class=\"gb-element-fff039aa\">\n<div class=\"gb-element-12981c66\">\n<div class=\"gb-text-63663139\"><span class=\"gb-shape\"><svg aria-hidden=\"true\" role=\"img\" height=\"1em\" width=\"1em\" viewbox=\"0 0 384 512\" xmlns=\"http:\/\/www.w3.org\/2000\/svg\"><path fill=\"currentColor\" d=\"M97.12 362.63c-8.69-8.69-4.16-6.24-25.12-11.85-9.51-2.55-17.87-7.45-25.43-13.32L1.2 448.7c-4.39 10.77 3.81 22.47 15.43 22.03l52.69-2.01L105.56 507c8 8.44 22.04 5.81 26.43-4.96l52.05-127.62c-10.84 6.04-22.87 9.58-35.31 9.58-19.5 0-37.82-7.59-51.61-21.37zM382.8 448.7l-45.37-111.24c-7.56 5.88-15.92 10.77-25.43 13.32-21.07 5.64-16.45 3.18-25.12 11.85-13.79 13.78-32.12 21.37-51.62 21.37-12.44 0-24.47-3.55-35.31-9.58L252 502.04c4.39 10.77 18.44 13.4 26.43 4.96l36.25-38.28 52.69 2.01c11.62.44 19.82-11.27 15.43-22.03zM263 340c15.28-15.55 17.03-14.21 38.79-20.14 13.89-3.79 24.75-14.84 28.47-28.98 7.48-28.4 5.54-24.97 25.95-45.75 10.17-10.35 14.14-25.44 10.42-39.58-7.47-28.38-7.48-24.42 0-52.83 3.72-14.14-.25-29.23-10.42-39.58-20.41-20.78-18.47-17.36-25.95-45.75-3.72-14.14-14.58-25.19-28.47-28.98-27.88-7.61-24.52-5.62-44.95-26.41-10.17-10.35-25-14.4-38.89-10.61-27.87 7.6-23.98 7.61-51.9 0-13.89-3.79-28.72.25-38.89 10.61-20.41 20.78-17.05 18.8-44.94 26.41-13.89 3.79-24.75 14.84-28.47 28.98-7.47 28.39-5.54 24.97-25.95 45.75-10.17 10.35-14.15 25.44-10.42 39.58 7.47 28.36 7.48 24.4 0 52.82-3.72 14.14.25 29.23 10.42 39.59 20.41 20.78 18.47 17.35 25.95 45.75 3.72 14.14 14.58 25.19 28.47 28.98C104.6 325.96 106.27 325 121 340c13.23 13.47 33.84 15.88 49.74 5.82a39.676 39.676 0 0 1 42.53 0c15.89 10.06 36.5 7.65 49.73-5.82zM97.66 175.96c0-53.03 42.24-96.02 94.34-96.02s94.34 42.99 94.34 96.02-42.24 96.02-94.34 96.02-94.34-42.99-94.34-96.02z\"><\/path><\/svg><\/span><\/div>\n\n\n\n<div>\n<p class=\"gb-text gb-text-1a7f0e91\">20+<\/p>\n\n\n\n<p class=\"gb-text gb-text-99211861\"> d&rsquo;exp\u00e9rience<\/p>\n<\/div>\n<\/div>\n\n\n\n<div class=\"gb-element-8629278c\">\n<div class=\"gb-text-06a3bc3b\"><span class=\"gb-shape\"><svg aria-hidden=\"true\" role=\"img\" height=\"1em\" width=\"1em\" viewbox=\"0 0 496 512\" xmlns=\"http:\/\/www.w3.org\/2000\/svg\"><path fill=\"currentColor\" d=\"M248 8C111 8 0 119 0 256s111 248 248 248 248-111 248-248S385 8 248 8zm0 96c48.6 0 88 39.4 88 88s-39.4 88-88 88-88-39.4-88-88 39.4-88 88-88zm0 344c-58.7 0-111.3-26.6-146.5-68.2 18.8-35.4 55.6-59.8 98.5-59.8 2.4 0 4.8.4 7.1 1.1 13 4.2 26.6 6.9 40.9 6.9 14.3 0 28-2.7 40.9-6.9 2.3-.7 4.7-1.1 7.1-1.1 42.9 0 79.7 24.4 98.5 59.8C359.3 421.4 306.7 448 248 448z\"><\/path><\/svg><\/span><\/div>\n\n\n\n<div class=\"gb-element-081a1ce8\">\n<p class=\"gb-text gb-text-f925539d\">2.8K<\/p>\n\n\n\n<p class=\"gb-text gb-text-133b0253\">Clients Satisfaits <\/p>\n<\/div>\n<\/div>\n<\/div>\n<\/div>\n\n\n\n<div class=\"gb-element-1bb69474\">\n<h2 class=\"gb-text-b63c935f\"><span class=\"gb-shape\"><svg aria-hidden=\"true\" role=\"img\" height=\"1em\" width=\"1em\" viewbox=\"0 0 256 512\" xmlns=\"http:\/\/www.w3.org\/2000\/svg\"><path fill=\"currentColor\" d=\"M224.3 273l-136 136c-9.4 9.4-24.6 9.4-33.9 0l-22.6-22.6c-9.4-9.4-9.4-24.6 0-33.9l96.4-96.4-96.4-96.4c-9.4-9.4-9.4-24.6 0-33.9L54.3 103c9.4-9.4 24.6-9.4 33.9 0l136 136c9.5 9.4 9.5 24.6.1 34z\"><\/path><\/svg><\/span><span class=\"gb-text\">Chauffeurs professionnels <\/span><\/h2>\n\n\n\n<h2 class=\"gb-text\">Accueil personnalis\u00e9 \u00e0 l\u2019a\u00e9roport<\/h2>\n\n\n\n<p class=\"gb-text\">Nos conducteurs sont exp\u00e9riment\u00e9s, courtois et connaissent parfaitement les routes marocaines. Ils parlent <strong>fran\u00e7ais, Anglais et arabe<\/strong>, pour une communication fluide et agr\u00e9able.<\/p>\n\n\n\n<a class=\"gb-text gb-text-51e54d63\" href=\"https:\/\/taxivert.pro\/en\/reservation-navette-aeroport-maroc\/\">r\u00e9servez maintenant <\/a>\n<\/div>\n<\/div>\n<\/section>\n\n\n\n<section class=\"gb-element-8d04ac5b\">\n<div class=\"gb-element-c813ceba\">\n<h2 class=\"gb-text-1f090e30\"><span class=\"gb-shape\"><svg aria-hidden=\"true\" role=\"img\" height=\"1em\" width=\"1em\" viewbox=\"0 0 256 512\" xmlns=\"http:\/\/www.w3.org\/2000\/svg\"><path fill=\"currentColor\" d=\"M224.3 273l-136 136c-9.4 9.4-24.6 9.4-33.9 0l-22.6-22.6c-9.4-9.4-9.4-24.6 0-33.9l96.4-96.4-96.4-96.4c-9.4-9.4-9.4-24.6 0-33.9L54.3 103c9.4-9.4 24.6-9.4 33.9 0l136 136c9.5 9.4 9.5 24.6.1 34z\"><\/path><\/svg><\/span><span class=\"gb-text\">Nos services <\/span><\/h2>\n\n\n\n<h2 class=\"gb-text gb-text-41e456bf\">Nos services de transport priv\u00e9 au Maroc<\/h2>\n\n\n\n<div class=\"gb-element-1ef1c4ce\">\n<div class=\"gb-element-6a1686e8\">\n<img loading=\"lazy\" decoding=\"async\" width=\"720\" height=\"577\" class=\"gb-media-dc2c60f1\" src=\"https:\/\/taxivert.pro\/wp-content\/uploads\/2025\/10\/WhatsApp-Image-2025-10-07-a-19.06.51_3f988a05-1.jpg\" title=\"WhatsApp Image 2025-10-07 \u00e0 19.06.51_3f988a05\" alt=\"\" srcset=\"https:\/\/taxivert.pro\/wp-content\/uploads\/2025\/10\/WhatsApp-Image-2025-10-07-a-19.06.51_3f988a05-1.jpg 720w, https:\/\/taxivert.pro\/wp-content\/uploads\/2025\/10\/WhatsApp-Image-2025-10-07-a-19.06.51_3f988a05-1-300x240.jpg 300w\" sizes=\"auto, (max-width: 720px) 100vw, 720px\" \/>\n\n\n\n<h3 class=\"gb-text gb-text-a6c88df9\">\u2708 Transferts a\u00e9roport \u2194 h\u00f4tel<\/h3>\n\n\n\n<p class=\"gb-text\">Service ponctuel et professionnel depuis ou vers les a\u00e9roports de Casablanca, Marrakech, Agadir, Tanger et Rabat.<\/p>\n<\/div>\n\n\n\n<div class=\"gb-element-a007a496\">\n<img loading=\"lazy\" decoding=\"async\" width=\"1080\" height=\"840\" class=\"gb-media-4ffdc0bb\" src=\"https:\/\/taxivert.pro\/wp-content\/uploads\/2025\/10\/WhatsApp-Image-2025-10-07-a-19.02.34_9d987fa7.jpg\" title=\"WhatsApp Image 2025-10-07 \u00e0 19.02.34_9d987fa7\" alt=\"\" srcset=\"https:\/\/taxivert.pro\/wp-content\/uploads\/2025\/10\/WhatsApp-Image-2025-10-07-a-19.02.34_9d987fa7.jpg 1080w, https:\/\/taxivert.pro\/wp-content\/uploads\/2025\/10\/WhatsApp-Image-2025-10-07-a-19.02.34_9d987fa7-300x233.jpg 300w, https:\/\/taxivert.pro\/wp-content\/uploads\/2025\/10\/WhatsApp-Image-2025-10-07-a-19.02.34_9d987fa7-1024x796.jpg 1024w, https:\/\/taxivert.pro\/wp-content\/uploads\/2025\/10\/WhatsApp-Image-2025-10-07-a-19.02.34_9d987fa7-768x597.jpg 768w\" sizes=\"auto, (max-width: 1080px) 100vw, 1080px\" \/>\n\n\n\n<h3 class=\"gb-text gb-text-1ec8f7c0\">\ud83d\ude98 Transferts inter-villes<\/h3>\n\n\n\n<p class=\"gb-text\">D\u00e9placez-vous confortablement entre les grandes villes marocaines : Casablanca, Marrakech, Rabat, Essaouira, F\u00e8s, Tanger\u2026<\/p>\n<\/div>\n\n\n\n<div class=\"gb-element-6a2fc8b5\">\n<img loading=\"lazy\" decoding=\"async\" width=\"540\" height=\"450\" class=\"gb-media-9bfd937a\" src=\"https:\/\/taxivert.pro\/wp-content\/uploads\/2025\/10\/WhatsApp-Image-2025-10-07-a-19.11.54_a6d61716-1.jpg\" title=\"WhatsApp Image 2025-10-07 \u00e0 19.11.54_a6d61716\" alt=\"\" srcset=\"https:\/\/taxivert.pro\/wp-content\/uploads\/2025\/10\/WhatsApp-Image-2025-10-07-a-19.11.54_a6d61716-1.jpg 540w, https:\/\/taxivert.pro\/wp-content\/uploads\/2025\/10\/WhatsApp-Image-2025-10-07-a-19.11.54_a6d61716-1-300x250.jpg 300w\" sizes=\"auto, (max-width: 540px) 100vw, 540px\" \/>\n\n\n\n<h3 class=\"gb-text gb-text-97d5e540\">\u23f1 Mise \u00e0 disposition avec chauffeur<\/h3>\n\n\n\n<p class=\"gb-text\">Profitez d\u2019un chauffeur priv\u00e9 \u00e0 l\u2019heure ou \u00e0 la journ\u00e9e pour vos courses, \u00e9v\u00e9nements ou d\u00e9placements personnalis\u00e9s.<\/p>\n<\/div>\n<\/div>\n<\/div>\n<\/section>\n\n\n\n<section class=\"gb-element-fd1b6618\">\n<div class=\"gb-element-a6318539\">\n<h2 class=\"gb-text-d79da463\"><span class=\"gb-shape\"><svg aria-hidden=\"true\" role=\"img\" height=\"1em\" width=\"1em\" viewbox=\"0 0 256 512\" xmlns=\"http:\/\/www.w3.org\/2000\/svg\"><path fill=\"currentColor\" d=\"M224.3 273l-136 136c-9.4 9.4-24.6 9.4-33.9 0l-22.6-22.6c-9.4-9.4-9.4-24.6 0-33.9l96.4-96.4-96.4-96.4c-9.4-9.4-9.4-24.6 0-33.9L54.3 103c9.4-9.4 24.6-9.4 33.9 0l136 136c9.5 9.4 9.5 24.6.1 34z\"><\/path><\/svg><\/span><span class=\"gb-text\">Pourquoi choisir Taxi Vert ?<\/span><\/h2>\n\n\n\n<h2 class=\"gb-text gb-text-08def233\">Transferts et navettes a\u00e9roport \u2194 h\u00f4tel dans tout le Maroc, en toute s\u00e9r\u00e9nit\u00e9.<\/h2>\n\n\n\n<div class=\"gb-element-dd4771d0\">\n<div class=\"gb-element-c2f1184f\">\n<img loading=\"lazy\" decoding=\"async\" width=\"640\" height=\"960\" class=\"gb-media-7613db50\" src=\"https:\/\/taxivert.pro\/wp-content\/uploads\/2022\/06\/alessio-lin-2n1SciGY5dI-unsplash.jpg\" title=\"alessio-lin-2n1SciGY5dI-unsplash\" srcset=\"https:\/\/taxivert.pro\/wp-content\/uploads\/2022\/06\/alessio-lin-2n1SciGY5dI-unsplash.jpg 640w, https:\/\/taxivert.pro\/wp-content\/uploads\/2022\/06\/alessio-lin-2n1SciGY5dI-unsplash-200x300.jpg 200w\" sizes=\"auto, (max-width: 640px) 100vw, 640px\" \/>\n<\/div>\n\n\n\n<div class=\"gb-element-7608c678\">\n<p class=\"gb-text gb-text-b51dcf7c\">Votre chauffeur vous attend d\u00e8s votre arriv\u00e9e avec une pancarte nominative, sans stress ni attente. R\u00e9servez \u00e0 tout moment, 24h\/7 m\u00eame en derni\u00e8re minute, par formulaire ou WhatsApp.<\/p>\n\n\n\n<h3 class=\"gb-text gb-text-c28a19fb\">Chauffeurs professionnels et courtois<\/h3>\n\n\n\n<div class=\"gb-element-179463fe\">\n<div class=\"gb-element-589b30ae\"><\/div>\n<\/div>\n\n\n\n<h3 class=\"gb-text gb-text-43fdfcf3\">Service 100% priv\u00e9 et personnalis\u00e9<\/h3>\n\n\n\n<div class=\"gb-element-07488206\">\n<div class=\"gb-element-531b32f1\"><\/div>\n<\/div>\n\n\n\n<h3 class=\"gb-text gb-text-fb6844cb\">S\u00e9curit\u00e9 et confort<\/h3>\n\n\n\n<div class=\"gb-element-36f403f3\">\n<div class=\"gb-element-5a5a4470\"><\/div>\n<\/div>\n\n\n\n<h3 class=\"gb-text gb-text-d20e0398\">Disponibilit\u00e9 24h\/7 partout au Maroc<\/h3>\n\n\n\n<div class=\"gb-element-91b635e6\">\n<div class=\"gb-element-26c8d06b\"><\/div>\n<\/div>\n\n\n\n<a class=\"gb-text gb-text-97f54b1e\" href=\"https:\/\/taxivert.pro\/en\/reservation-navette-aeroport-maroc\/\">R\u00e9servez d\u00e8s maintenant <\/a>\n<\/div>\n<\/div>\n<\/div>\n<\/section>\n\n\n\n<section class=\"gb-element-b6785889\">\n<div class=\"gb-element-4fd900ad\">\n<h2 class=\"gb-text-69c10393\"><span class=\"gb-shape\"><svg aria-hidden=\"true\" role=\"img\" height=\"1em\" width=\"1em\" viewbox=\"0 0 256 512\" xmlns=\"http:\/\/www.w3.org\/2000\/svg\"><path fill=\"currentColor\" d=\"M224.3 273l-136 136c-9.4 9.4-24.6 9.4-33.9 0l-22.6-22.6c-9.4-9.4-9.4-24.6 0-33.9l96.4-96.4-96.4-96.4c-9.4-9.4-9.4-24.6 0-33.9L54.3 103c9.4-9.4 24.6-9.4 33.9 0l136 136c9.5 9.4 9.5 24.6.1 34z\"><\/path><\/svg><\/span><span class=\"gb-text\">\ud83d\udcac T\u00e9moignages <\/span><\/h2>\n\n\n\n<h2 class=\"gb-text gb-text-34d6835b\">Ce que nos clients disent de Taxi Vert<\/h2>\n\n\n\n<div class=\"gb-element-3a3bdd34\">\n<div class=\"gb-element-851aa0c4\">\n<div class=\"gb-element-af843e98\">\n<p class=\"gb-text gb-text-42ee45e2\">\u00a0\u00bb Service impeccable ! Chauffeur ponctuel, voiture propre et accueil chaleureux. Parfait pour notre arriv\u00e9e \u00e0 Casablanca. \u00ab\u00a0<\/p>\n\n\n\n<div class=\"gb-element-200605dd\">\n<div><div class=\"wp-block-image is-style-rounded\">\n<figure class=\"aligncenter size-large is-resized\"><img decoding=\"async\" src=\"https:\/\/library.generateblocks.com\/wp-content\/uploads\/2020\/07\/test-4.jpg\" alt=\"\" style=\"object-fit:cover;width:80px;height:80px\"\/><\/figure><\/div><\/div>\n\n\n\n<div>\n<h3 class=\"gb-text gb-text-e832fbad\">Amina , Paris<\/h3>\n<\/div>\n<\/div>\n<\/div>\n<\/div>\n\n\n\n<div class=\"gb-element-45459db6\">\n<div class=\"gb-element-d6692382\">\n<p class=\"gb-text gb-text-e3b0e467\">\u00a0\u00bb Tr\u00e8s satisfait ! R\u00e9servation facile via WhatsApp et transfert rapide jusqu\u2019\u00e0 mon h\u00f4tel \u00e0 Marrakech. \u00ab\u00a0<\/p>\n\n\n\n<div class=\"gb-element-f82142dc\">\n<div><div class=\"wp-block-image is-style-rounded\">\n<figure class=\"aligncenter size-large is-resized\"><img decoding=\"async\" src=\"https:\/\/library.generateblocks.com\/wp-content\/uploads\/2020\/07\/test-1.jpg\" alt=\"\" style=\"object-fit:cover;width:80px;height:80px\"\/><\/figure><\/div><\/div>\n\n\n\n<div>\n<h3 class=\"gb-text gb-text-ac80c15c\">Marc, Lyon<\/h3>\n<\/div>\n<\/div>\n<\/div>\n<\/div>\n<\/div>\n<\/div>\n<\/section>\n\n\n\n<section class=\"gb-element-062df5da\">\n<div class=\"gb-element-603067fd\">\n<div class=\"gb-element-10283277\">\n<img loading=\"lazy\" decoding=\"async\" width=\"405\" height=\"405\" class=\"gb-media-a38539e6\" src=\"https:\/\/taxivert.pro\/wp-content\/uploads\/2025\/10\/WhatsApp-Image-2025-07-11-at-18.12.32-1.jpeg\" title=\"WhatsApp-Image-2025-07-11-at-18.12.32-1\" alt=\"\" srcset=\"https:\/\/taxivert.pro\/wp-content\/uploads\/2025\/10\/WhatsApp-Image-2025-07-11-at-18.12.32-1.jpeg 405w, https:\/\/taxivert.pro\/wp-content\/uploads\/2025\/10\/WhatsApp-Image-2025-07-11-at-18.12.32-1-300x300.jpeg 300w, https:\/\/taxivert.pro\/wp-content\/uploads\/2025\/10\/WhatsApp-Image-2025-07-11-at-18.12.32-1-150x150.jpeg 150w\" sizes=\"auto, (max-width: 405px) 100vw, 405px\" \/>\n<\/div>\n\n\n\n<div class=\"gb-element-fc1d6741\">\n<h2 class=\"gb-text-9c7dc771\"><span class=\"gb-shape\"><svg aria-hidden=\"true\" role=\"img\" height=\"1em\" width=\"1em\" viewbox=\"0 0 256 512\" xmlns=\"http:\/\/www.w3.org\/2000\/svg\"><path fill=\"currentColor\" d=\"M224.3 273l-136 136c-9.4 9.4-24.6 9.4-33.9 0l-22.6-22.6c-9.4-9.4-9.4-24.6 0-33.9l96.4-96.4-96.4-96.4c-9.4-9.4-9.4-24.6 0-33.9L54.3 103c9.4-9.4 24.6-9.4 33.9 0l136 136c9.5 9.4 9.5 24.6.1 34z\"><\/path><\/svg><\/span><span class=\"gb-text\">Besoin d\u2019un transfert a\u00e9roport, d\u2019une navette inter-villes ou d\u2019un van priv\u00e9 ?<\/span><\/h2>\n\n\n\n<h2 class=\"gb-text gb-text-754da08b\"><strong>Contactez-nous sur WhatsApp<\/strong> ou via le <strong>formulaire de r\u00e9servation<\/strong> \u2014 votre chauffeur priv\u00e9 vous attend d\u00e9j\u00e0 !<\/h2>\n\n\n\n<div>\n<div class=\"wp-block-buttons is-layout-flex wp-block-buttons-is-layout-flex\">\n<div class=\"wp-block-button has-custom-width wp-block-button__width-100\"><a class=\"wp-block-button__link has-medium-font-size has-custom-font-size wp-element-button\" href=\"https:\/\/wa.me\/33758228532\" style=\"border-radius:100px\" target=\"_blank\" rel=\"noopener\">+33 7 58 22 85 32<\/a><\/div>\n<\/div>\n<\/div>\n<\/div>\n<\/div>\n<\/section>\n\n\n\n<p><\/p>","protected":false},"excerpt":{"rendered":"<p>Dynamics 365 iconTaxi Vert \u2013 Votre chauffeur priv\u00e9 au Maroc Navettes et transferts a\u00e9roport-h\u00f4tel dans tout le Maroc Bienvenue sur Taxi Vert, votre partenaire de confiance pour tous vos transferts priv\u00e9s entre les a\u00e9roports, h\u00f4tels et villes du Maroc. Que vous arriviez pour un s\u00e9jour touristique, un voyage d\u2019affaires ou un d\u00e9placement familial, notre \u00e9quipe &#8230; <a title=\"Accueil\" class=\"read-more\" href=\"https:\/\/taxivert.pro\/en\/\" aria-label=\"Read more about Accueil\">Read more<\/a><\/p>","protected":false},"author":1,"featured_media":0,"parent":0,"menu_order":0,"comment_status":"closed","ping_status":"open","template":"","meta":{"footnotes":""},"class_list":["post-2","page","type-page","status-publish"],"_hostinger_reach_plugin_has_subscription_block":false,"_hostinger_reach_plugin_is_elementor":false,"_links":{"self":[{"href":"https:\/\/taxivert.pro\/en\/wp-json\/wp\/v2\/pages\/2","targetHints":{"allow":["GET"]}}],"collection":[{"href":"https:\/\/taxivert.pro\/en\/wp-json\/wp\/v2\/pages"}],"about":[{"href":"https:\/\/taxivert.pro\/en\/wp-json\/wp\/v2\/types\/page"}],"author":[{"embeddable":true,"href":"https:\/\/taxivert.pro\/en\/wp-json\/wp\/v2\/users\/1"}],"replies":[{"embeddable":true,"href":"https:\/\/taxivert.pro\/en\/wp-json\/wp\/v2\/comments?post=2"}],"version-history":[{"count":18,"href":"https:\/\/taxivert.pro\/en\/wp-json\/wp\/v2\/pages\/2\/revisions"}],"predecessor-version":[{"id":1631,"href":"https:\/\/taxivert.pro\/en\/wp-json\/wp\/v2\/pages\/2\/revisions\/1631"}],"wp:attachment":[{"href":"https:\/\/taxivert.pro\/en\/wp-json\/wp\/v2\/media?parent=2"}],"curies":[{"name":"wp","href":"https:\/\/api.w.org\/{rel}","templated":true}]}}