{"id":65,"date":"2022-06-11T22:38:31","date_gmt":"2022-06-11T21:38:31","guid":{"rendered":"https:\/\/safewheels.wordifysites.com\/?page_id=65"},"modified":"2025-10-11T17:00:17","modified_gmt":"2025-10-11T17:00:17","slug":"a-propos-navette-aeroport-maroc-transport-touristique-maroc","status":"publish","type":"page","link":"https:\/\/taxivert.pro\/en\/a-propos-navette-aeroport-maroc-transport-touristique-maroc\/","title":{"rendered":"\u00c0 PROPOS"},"content":{"rendered":"<section class=\"gb-element-d2d23095\">\n<div class=\"gb-element-5d63b565\">\n<div class=\"gb-element-1f3f642c\">\n<div class=\"gb-element-a6e3ca66\"><\/div>\n\n\n\n<img loading=\"lazy\" decoding=\"async\" width=\"1920\" height=\"1536\" class=\"gb-media-773b4205\" src=\"https:\/\/taxivert.pro\/wp-content\/uploads\/2022\/06\/brock-wegner-pWGUMQSWBwI-unsplash.jpg\" title=\"brock-wegner-pWGUMQSWBwI-unsplash\" srcset=\"https:\/\/taxivert.pro\/wp-content\/uploads\/2022\/06\/brock-wegner-pWGUMQSWBwI-unsplash.jpg 1920w, https:\/\/taxivert.pro\/wp-content\/uploads\/2022\/06\/brock-wegner-pWGUMQSWBwI-unsplash-300x240.jpg 300w, https:\/\/taxivert.pro\/wp-content\/uploads\/2022\/06\/brock-wegner-pWGUMQSWBwI-unsplash-1024x819.jpg 1024w, https:\/\/taxivert.pro\/wp-content\/uploads\/2022\/06\/brock-wegner-pWGUMQSWBwI-unsplash-768x614.jpg 768w, https:\/\/taxivert.pro\/wp-content\/uploads\/2022\/06\/brock-wegner-pWGUMQSWBwI-unsplash-1536x1229.jpg 1536w\" sizes=\"auto, (max-width: 1920px) 100vw, 1920px\" \/>\n\n\n\n<div class=\"gb-element-5cd5518d\"><\/div>\n<\/div>\n\n\n\n<div class=\"gb-element-39e22437\">\n<h2 class=\"gb-text-81478a48\"><span class=\"gb-shape\"><svg aria-hidden=\"true\" role=\"img\" height=\"1em\" width=\"1em\" viewbox=\"0 0 256 512\" xmlns=\"http:\/\/www.w3.org\/2000\/svg\"><path fill=\"currentColor\" d=\"M224.3 273l-136 136c-9.4 9.4-24.6 9.4-33.9 0l-22.6-22.6c-9.4-9.4-9.4-24.6 0-33.9l96.4-96.4-96.4-96.4c-9.4-9.4-9.4-24.6 0-33.9L54.3 103c9.4-9.4 24.6-9.4 33.9 0l136 136c9.5 9.4 9.5 24.6.1 34z\"><\/path><\/svg><\/span><span class=\"gb-text\">Taxi Vert<\/span><\/h2>\n\n\n\n<h2 class=\"gb-text\">Notre vision<\/h2>\n\n\n\n<p class=\"gb-text\">Offrir \u00e0 chaque voyageur \u2014 qu\u2019il soit touriste, professionnel ou r\u00e9sident \u2014 une exp\u00e9rience de transport fiable, confortable et s\u00e9curis\u00e9e, avec un service client irr\u00e9prochable.&nbsp;<\/p>\n\n\n\n<a class=\"gb-text-5cd6a3f1\" href=\"https:\/\/taxivert.pro\/en\/reservation-navette-aeroport-maroc\/\"><span class=\"gb-text\">R\u00e9servez votre transfert d\u00e8s maintenant<\/span><span class=\"gb-shape\"><svg aria-hidden=\"true\" role=\"img\" height=\"1em\" width=\"1em\" viewbox=\"0 0 256 512\" xmlns=\"http:\/\/www.w3.org\/2000\/svg\"><path fill=\"currentColor\" d=\"M224.3 273l-136 136c-9.4 9.4-24.6 9.4-33.9 0l-22.6-22.6c-9.4-9.4-9.4-24.6 0-33.9l96.4-96.4-96.4-96.4c-9.4-9.4-9.4-24.6 0-33.9L54.3 103c9.4-9.4 24.6-9.4 33.9 0l136 136c9.5 9.4 9.5 24.6.1 34z\"><\/path><\/svg><\/span><\/a>\n\n\n\n<div class=\"gb-element-78f5598f\">\n<div class=\"gb-text-c9bebdf5\"><span class=\"gb-shape\"><svg xmlns=\"http:\/\/www.w3.org\/2000\/svg\" xml:space=\"preserve\" style=\"enable-background:new 0 0 460.384 460.384\" viewbox=\"0 0 460.384 460.384\"><path d=\"M95.252 283.11c-13.807 0-25.039 11.232-25.039 25.039s11.232 25.039 25.039 25.039 25.039-11.233 25.039-25.039-11.232-25.039-25.039-25.039zm0 35.078c-5.536 0-10.039-4.504-10.039-10.039s4.503-10.039 10.039-10.039 10.039 4.503 10.039 10.039-4.503 10.039-10.039 10.039zM357.012 283.11c-13.807 0-25.04 11.232-25.04 25.039s11.233 25.039 25.04 25.039c13.806 0 25.038-11.233 25.038-25.039s-11.232-25.039-25.038-25.039zm0 35.078c-5.536 0-10.04-4.504-10.04-10.039s4.504-10.039 10.04-10.039c5.535 0 10.038 4.503 10.038 10.039s-4.503 10.039-10.038 10.039z\"><\/path><path d=\"m409.227 196.421-66.917-7.645-35.714-58.056c-10.905-17.728-30.61-28.741-51.424-28.741H133.676c-34.925 0-65.792 23.518-75.063 57.193l-.948 3.445c-4.607 16.733-17.845 30.052-34.549 34.762C9.506 201.217 0 213.773 0 227.914v83.012a7.5 7.5 0 0 0 7.5 7.5h38.557c4.757 22.798 25.006 39.978 49.195 39.978s44.438-17.18 49.195-39.978h163.37c4.757 22.798 25.006 39.978 49.195 39.978s44.438-17.18 49.195-39.978h40.477a7.5 7.5 0 0 0 7.452-6.65l5.874-51.483c3.604-31.603-19.176-60.256-50.783-63.872zM15 294.313h31.949a49.96 49.96 0 0 0-1.724 9.113H15v-9.113zm80.252 49.091c-19.44 0-35.255-15.815-35.255-35.255s15.815-35.256 35.255-35.256 35.255 15.816 35.255 35.256-15.815 35.255-35.255 35.255zm261.76 0c-19.44 0-35.255-15.815-35.255-35.255s15.815-35.256 35.255-35.256 35.255 15.816 35.255 35.256-15.815 35.255-35.255 35.255zm0-85.511c-16.987 0-32.021 8.48-41.122 21.42H182.425a7.5 7.5 0 0 0 0 15h126.284a49.96 49.96 0 0 0-1.724 9.113H145.279c-2.389-25.504-23.909-45.533-50.027-45.533-16.987 0-32.021 8.48-41.122 21.42H15v-51.399c0-7.455 5.012-14.075 12.187-16.098 21.728-6.126 38.947-23.452 44.94-45.218l.948-3.445c7.484-27.186 32.405-46.174 60.601-46.174h121.496c15.643 0 30.452 8.277 38.647 21.6l37.626 61.164a7.503 7.503 0 0 0 5.537 3.522l70.541 8.059c16.002 1.831 28.943 12.335 34.67 26.276H418.78a7.5 7.5 0 0 0 0 15h26.578a42.894 42.894 0 0 1-.253 5.993l-2.364 20.72h-44.608c-9.1-12.94-24.135-21.42-41.121-21.42zm50.026 45.533a49.876 49.876 0 0 0-1.724-9.113h35.716l-1.04 9.113h-32.952z\"><\/path><path d=\"M255.565 215.222h-15.76a7.5 7.5 0 0 0 0 15h15.76a7.5 7.5 0 0 0 0-15zM154.846 222.722a7.5 7.5 0 0 0-7.5-7.5h-15.76a7.5 7.5 0 0 0 0 15h15.76a7.5 7.5 0 0 0 7.5-7.5zM164.136 283.941c-1.314-3.113-4.658-5.069-8.025-4.546a7.58 7.58 0 0 0-6.213 5.776c-1.496 6.51 6.051 11.564 11.54 7.829 2.905-1.976 4.038-5.814 2.698-9.059-.19-.45.19.46 0 0zM286.014 143.391c-6.531-10.637-18.348-17.245-30.841-17.245h-121.5c-24.087 0-45.371 16.217-51.761 39.443l-.943 3.438c-2.468 8.956-6.268 24.34-6.429 24.991a7.501 7.501 0 0 0 7.281 9.298h227.64a7.499 7.499 0 0 0 6.388-11.43l-29.835-48.495zm-86.662-2.246v47.169h-69.054v-47.018a38.526 38.526 0 0 1 3.375-.151h65.679zm-103.92 31.857.944-3.441c2.86-10.395 9.865-18.839 18.922-23.747v42.499H91.432c1.265-4.992 2.81-10.99 4-15.311zm118.92 15.312v-47.169h40.821c7.316 0 14.235 3.868 18.062 10.1l22.807 37.069h-81.69z\"><\/path><\/svg><\/span><span class=\"gb-text\"> Taxis berlines <\/span><\/div>\n\n\n\n<div class=\"gb-text-197a3d2c\"><span class=\"gb-shape\"><svg xmlns=\"http:\/\/www.w3.org\/2000\/svg\" xml:space=\"preserve\" style=\"enable-background:new 0 0 239 239\" viewbox=\"0 0 239 239\"><path d=\"m235.91 117.885-26.319-19.132-36.961-45.007a7.5 7.5 0 0 0-5.796-2.74H7.5a7.5 7.5 0 0 0-7.5 7.5v106.779a7.5 7.5 0 0 0 7.5 7.5h19.736c3.105 8.846 11.536 15.209 21.43 15.209s18.325-6.363 21.43-15.209h96.141c3.105 8.846 11.536 15.209 21.43 15.209s18.325-6.363 21.43-15.209H231.5a7.5 7.5 0 0 0 7.5-7.5v-41.334a7.5 7.5 0 0 0-3.09-6.066zM48.666 172.994c-4.251 0-7.709-3.458-7.709-7.709s3.458-7.709 7.709-7.709 7.709 3.458 7.709 7.709-3.458 7.709-7.709 7.709zm139.001 0c-4.251 0-7.709-3.458-7.709-7.709s3.458-7.709 7.709-7.709c4.25 0 7.708 3.458 7.708 7.709s-3.457 7.709-7.708 7.709zM224 157.785h-14.896c-3.104-8.848-11.541-15.209-21.436-15.209s-18.332 6.361-21.437 15.209H70.103c-3.104-8.848-11.542-15.209-21.437-15.209s-18.332 6.361-21.437 15.209H15V66.006h148.288l35.321 43.009c.405.493.87.932 1.386 1.307L224 127.771v30.014z\"><\/path><path d=\"M162.469 75.551a7.501 7.501 0 0 0-13.296 4.76v25.766a7.5 7.5 0 0 0 7.5 7.5h21.18a7.5 7.5 0 0 0 5.479-12.622l-20.863-25.404z\"><\/path><\/svg><\/span><span class=\"gb-text\">  Vans spacieux <\/span><\/div>\n<\/div>\n<\/div>\n<\/div>\n<\/section>\n\n\n\n<section class=\"gb-element-6a72a791\">\n<div class=\"gb-element-01946a1e\"><\/div>\n<\/section>\n\n\n\n<section class=\"gb-element-c02dde05\">\n<div class=\"gb-element-ef931658\">\n<div class=\"gb-element-38cb1aae\">\n<h2 class=\"gb-text gb-text-25805eb2\">Besoin d\u2019informations ou d\u2019une r\u00e9servation rapide ? Notre \u00e9quipe est \u00e0 votre \u00e9coute 24h\/7.<\/h2>\n\n\n\n<p class=\"gb-text gb-text-7b028116\">Contactez-nous d\u00e8s aujourd\u2019hui pour r\u00e9server votre chauffeur priv\u00e9.<\/p>\n\n\n\n<p><\/p>\n<\/div>\n\n\n\n<div class=\"gb-element-e39e830c\">\n<a class=\"gb-text-ad34534e\" href=\"https:\/\/wa.me\/33758228532\" target=\"_blank\" rel=\"noopener\"><span class=\"gb-shape\"><svg aria-hidden=\"true\" role=\"img\" height=\"1em\" width=\"1em\" viewbox=\"0 0 448 512\" xmlns=\"http:\/\/www.w3.org\/2000\/svg\"><path fill=\"currentColor\" d=\"M380.9 97.1C339 55.1 283.2 32 223.9 32c-122.4 0-222 99.6-222 222 0 39.1 10.2 77.3 29.6 111L0 480l117.7-30.9c32.4 17.7 68.9 27 106.1 27h.1c122.3 0 224.1-99.6 224.1-222 0-59.3-25.2-115-67.1-157zm-157 341.6c-33.2 0-65.7-8.9-94-25.7l-6.7-4-69.8 18.3L72 359.2l-4.4-7c-18.5-29.4-28.2-63.3-28.2-98.2 0-101.7 82.8-184.5 184.6-184.5 49.3 0 95.6 19.2 130.4 54.1 34.8 34.9 56.2 81.2 56.1 130.5 0 101.8-84.9 184.6-186.6 184.6zm101.2-138.2c-5.5-2.8-32.8-16.2-37.9-18-5.1-1.9-8.8-2.8-12.5 2.8-3.7 5.6-14.3 18-17.6 21.8-3.2 3.7-6.5 4.2-12 1.4-32.6-16.3-54-29.1-75.5-66-5.7-9.8 5.7-9.1 16.3-30.3 1.8-3.7.9-6.9-.5-9.7-1.4-2.8-12.5-30.1-17.1-41.2-4.5-10.8-9.1-9.3-12.5-9.5-3.2-.2-6.9-.2-10.6-.2-3.7 0-9.7 1.4-14.8 6.9-5.1 5.6-19.4 19-19.4 46.3 0 27.3 19.9 53.7 22.6 57.4 2.8 3.7 39.1 59.7 94.8 83.8 35.2 15.2 49 16.5 66.6 13.9 10.7-1.6 32.8-13.4 37.4-26.4 4.6-13 4.6-24.1 3.2-26.4-1.3-2.5-5-3.9-10.5-6.6z\"><\/path><\/svg><\/span><span class=\"gb-text\">Contactez-nous<\/span><\/a>\n<\/div>\n<\/div>\n<\/section>\n\n\n\n<section class=\"gb-element-ce008356\">\n<div class=\"gb-element-48ae8f90\">\n<h2 class=\"gb-text gb-text-322b5953\">Notre engagement<\/h2>\n\n\n\n<p class=\"gb-text gb-text-c0a9d9e7\"><strong>Taxi Vert<\/strong> s\u2019engage \u00e0 vous accompagner dans tous vos d\u00e9placements, avec un service humain, professionnel et accessible.<\/p>\n\n\n\n<div class=\"gb-element-f0721143\">\n<div class=\"gb-element-87dd086b box-shadow\">\n<h4 class=\"gb-text gb-text-7a71b504\">S\u00e9curit\u00e9 et Ponctualit\u00e9<\/h4>\n\n\n\n<p class=\"gb-text gb-text-90a78a08\">Votre chauffeur vous attend \u00e0 l\u2019heure pr\u00e9vue, avec des v\u00e9hicules entretenus et assur\u00e9s.<\/p>\n<\/div>\n\n\n\n<div class=\"gb-element-8006c890 box-shadow\">\n<h4 class=\"gb-text gb-text-78fc093d\">Confort et courtoisie<\/h4>\n\n\n\n<p class=\"gb-text gb-text-acef0fc4\">Un accueil chaleureux et professionnel.<\/p>\n<\/div>\n\n\n\n<div class=\"gb-element-7c2a7662 box-shadow\">\n<h4 class=\"gb-text gb-text-213faebc\">Satisfaction client<\/h4>\n\n\n\n<p class=\"gb-text gb-text-321f8dd1\">Chaque transfert est suivi avec attention.<\/p>\n<\/div>\n<\/div>\n<\/div>\n<\/section>","protected":false},"excerpt":{"rendered":"<p>Taxi Vert Notre vision Offrir \u00e0 chaque voyageur \u2014 qu\u2019il soit touriste, professionnel ou r\u00e9sident \u2014 une exp\u00e9rience de transport fiable, confortable et s\u00e9curis\u00e9e, avec un service client irr\u00e9prochable.&nbsp; R\u00e9servez votre transfert d\u00e8s maintenant Taxis berlines Vans spacieux Besoin d\u2019informations ou d\u2019une r\u00e9servation rapide ? Notre \u00e9quipe est \u00e0 votre \u00e9coute 24h\/7. Contactez-nous d\u00e8s aujourd\u2019hui &#8230; <a title=\"\u00c0 PROPOS\" class=\"read-more\" href=\"https:\/\/taxivert.pro\/en\/a-propos-navette-aeroport-maroc-transport-touristique-maroc\/\" aria-label=\"Read more about \u00c0 PROPOS\">Read more<\/a><\/p>","protected":false},"author":1,"featured_media":1361,"parent":0,"menu_order":0,"comment_status":"closed","ping_status":"closed","template":"","meta":{"footnotes":""},"class_list":["post-65","page","type-page","status-publish","has-post-thumbnail"],"_hostinger_reach_plugin_has_subscription_block":false,"_hostinger_reach_plugin_is_elementor":false,"_links":{"self":[{"href":"https:\/\/taxivert.pro\/en\/wp-json\/wp\/v2\/pages\/65","targetHints":{"allow":["GET"]}}],"collection":[{"href":"https:\/\/taxivert.pro\/en\/wp-json\/wp\/v2\/pages"}],"about":[{"href":"https:\/\/taxivert.pro\/en\/wp-json\/wp\/v2\/types\/page"}],"author":[{"embeddable":true,"href":"https:\/\/taxivert.pro\/en\/wp-json\/wp\/v2\/users\/1"}],"replies":[{"embeddable":true,"href":"https:\/\/taxivert.pro\/en\/wp-json\/wp\/v2\/comments?post=65"}],"version-history":[{"count":9,"href":"https:\/\/taxivert.pro\/en\/wp-json\/wp\/v2\/pages\/65\/revisions"}],"predecessor-version":[{"id":1700,"href":"https:\/\/taxivert.pro\/en\/wp-json\/wp\/v2\/pages\/65\/revisions\/1700"}],"wp:featuredmedia":[{"embeddable":true,"href":"https:\/\/taxivert.pro\/en\/wp-json\/wp\/v2\/media\/1361"}],"wp:attachment":[{"href":"https:\/\/taxivert.pro\/en\/wp-json\/wp\/v2\/media?parent=65"}],"curies":[{"name":"wp","href":"https:\/\/api.w.org\/{rel}","templated":true}]}}